{"id":33,"date":"2024-03-07T12:52:34","date_gmt":"2024-03-07T12:52:34","guid":{"rendered":"https:\/\/peterandreasebbesen.com\/?page_id=33"},"modified":"2025-01-09T19:28:29","modified_gmt":"2025-01-09T19:28:29","slug":"velkommen","status":"publish","type":"page","link":"https:\/\/peterandreasebbesen.com\/","title":{"rendered":"Velkommen"},"content":{"rendered":"<p><img loading=\"lazy\" decoding=\"async\" class=\"alignnone size-large wp-image-220\" src=\"http:\/\/peterandreasebbesen.com\/wp-content\/uploads\/2025\/01\/cropped-PeterAE-foto-scaled-1-1024x949.jpeg\" alt=\"\" width=\"924\" height=\"856\" \/><\/p>\n<p><strong>Velkommen til Peter Andreas Ebbesens galleri og blog<\/strong><\/p>\n<p>S\u00e5 fik jeg endelig lavet hjemmesiden.<br \/>\nDen bliver selvf\u00f8lgelig opdateret l\u00f8bende.<br \/>\nEt mindre udvalg af malerier, fotografier og musik.<br \/>\nDet er muligt at kontakte mig med mail, sms, messenger.<br \/>\nDer er ogs\u00e5 links til min Facebook-profil.<\/p>\n","protected":false},"excerpt":{"rendered":"<p>Velkommen til Peter Andreas Ebbesens galleri og blog S\u00e5 fik jeg endelig lavet hjemmesiden. Den bliver selvf\u00f8lgelig opdateret l\u00f8bende. Et mindre udvalg af malerier, fotografier og musik. Det er muligt at kontakte mig med mail, sms, messenger. Der er ogs\u00e5 links til min Facebook-profil.<\/p>\n","protected":false},"author":1,"featured_media":0,"parent":0,"menu_order":0,"comment_status":"closed","ping_status":"closed","template":"","meta":{"footnotes":""},"class_list":["post-33","page","type-page","status-publish","hentry"],"_links":{"self":[{"href":"https:\/\/peterandreasebbesen.com\/index.php\/wp-json\/wp\/v2\/pages\/33","targetHints":{"allow":["GET"]}}],"collection":[{"href":"https:\/\/peterandreasebbesen.com\/index.php\/wp-json\/wp\/v2\/pages"}],"about":[{"href":"https:\/\/peterandreasebbesen.com\/index.php\/wp-json\/wp\/v2\/types\/page"}],"author":[{"embeddable":true,"href":"https:\/\/peterandreasebbesen.com\/index.php\/wp-json\/wp\/v2\/users\/1"}],"replies":[{"embeddable":true,"href":"https:\/\/peterandreasebbesen.com\/index.php\/wp-json\/wp\/v2\/comments?post=33"}],"version-history":[{"count":14,"href":"https:\/\/peterandreasebbesen.com\/index.php\/wp-json\/wp\/v2\/pages\/33\/revisions"}],"predecessor-version":[{"id":276,"href":"https:\/\/peterandreasebbesen.com\/index.php\/wp-json\/wp\/v2\/pages\/33\/revisions\/276"}],"wp:attachment":[{"href":"https:\/\/peterandreasebbesen.com\/index.php\/wp-json\/wp\/v2\/media?parent=33"}],"curies":[{"name":"wp","href":"https:\/\/api.w.org\/{rel}","templated":true}]}}